{"id":1461,"date":"2018-10-31T02:12:09","date_gmt":"2018-10-31T02:12:09","guid":{"rendered":"https:\/\/jnradvies.com\/nl\/?page_id=1461"},"modified":"2018-10-31T02:19:36","modified_gmt":"2018-10-31T02:19:36","slug":"home-2","status":"publish","type":"page","link":"https:\/\/jnradvies.com\/nl\/fr\/home-2\/","title":{"rendered":"HOME"},"content":{"rendered":"<div class=\"fusion-fullwidth fullwidth-box fusion-builder-row-1 nonhundred-percent-fullwidth non-hundred-percent-height-scrolling fusion-equal-height-columns\" style=\"background-color: #f5f5f5;background-position: left top;background-repeat: no-repeat;padding-top:110px;padding-right:0px;padding-bottom:90px;padding-left:0px;margin-bottom: 0px;margin-top: 0px;border-width: 0px 0px 0px 0px;border-color:#eae9e9;border-style:solid;\" ><div class=\"fusion-builder-row fusion-row\"><div class=\"fusion-layout-column fusion_builder_column fusion-builder-column-0 fusion_builder_column_1_1 1_1 fusion-one-full fusion-column-first fusion-column-last fusion-column-no-min-height\" style=\"margin-top:0px;margin-bottom:0px;\"><div class=\"fusion-column-wrapper fusion-flex-column-wrapper-legacy\" style=\"background-position:left top;background-repeat:no-repeat;-webkit-background-size:cover;-moz-background-size:cover;-o-background-size:cover;background-size:cover;padding: 0px 0px 0px 0px;\"><div class=\"fusion-sep-clear\"><\/div><div class=\"fusion-separator fusion-full-width-sep\" style=\"margin-left: auto;margin-right: auto;margin-top:0px;margin-bottom:0px;width:100%;\"><div class=\"fusion-separator-border sep-single sep-solid\" style=\"border-color:#f29301;border-top-width:5px;\"><\/div><\/div><div class=\"fusion-sep-clear\"><\/div><div class=\"fusion-clearfix\"><\/div><\/div><\/div><div class=\"fusion-layout-column fusion_builder_column fusion-builder-column-1 fusion_builder_column_1_3 1_3 fusion-one-third fusion-column-first green-border\" style=\"margin-top:0px;margin-bottom:20px;\"><div class=\"fusion-column-wrapper fusion-flex-column-wrapper-legacy\" style=\"background-position:left top;background-repeat:no-repeat;-webkit-background-size:cover;-moz-background-size:cover;-o-background-size:cover;background-size:cover;background-color:#ffffff;border:1px solid #e2e2e2;padding: 40px 50px 60px 50px;\"><div class=\"fusion-text fusion-text-1\"><h3 style=\"text-align: center;\">Conseil JNR<\/h3>\n<\/div><div class=\"imageframe-align-center\"><span class=\" fusion-imageframe imageframe-none imageframe-1 hover-type-none\"><img width=\"208\" height=\"123\" title=\"overons\" src=\"https:\/\/jnradvies.com\/nl\/wp-content\/uploads\/2015\/02\/overons.png\" alt class=\"img-responsive wp-image-1061\" srcset=\"https:\/\/jnradvies.com\/nl\/wp-content\/uploads\/2015\/02\/overons-200x118.png 200w, https:\/\/jnradvies.com\/nl\/wp-content\/uploads\/2015\/02\/overons.png 208w\" sizes=\"(max-width: 800px) 100vw, 208px\" \/><\/span><\/div><div class=\"fusion-sep-clear\"><\/div><div class=\"fusion-separator fusion-full-width-sep\" style=\"margin-left: auto;margin-right: auto;margin-top:10px;width:100%;\"><\/div><div class=\"fusion-sep-clear\"><\/div><div class=\"fusion-text fusion-text-2\"><p style=\"text-align: left;\">Conseil JNR est sp\u00e9cialis\u00e9 dans le domaine de l\u2019achat et la Vente des soci\u00e9t\u00e9s existantes, avec garantie. Si vous coop\u00e9rez avec une partie fiable la reprise de \u2026<\/p>\n<\/div><div class=\"fusion-sep-clear\"><\/div><div class=\"fusion-separator fusion-full-width-sep\" style=\"margin-left: auto;margin-right: auto;margin-top:10px;width:100%;\"><\/div><div class=\"fusion-sep-clear\"><\/div><div class=\"fusion-aligncenter\"><style>.fusion-body .fusion-button.button-1{border-radius:4px 4px 4px 4px;}<\/style><a class=\"fusion-button button-flat fusion-button-default-size button-default button-1 fusion-button-default-span fusion-button-default-type\" target=\"_self\" href=\"https:\/\/jnradvies.com\/nl\/fr\/info\/\"><span class=\"fusion-button-text\">en savoir plus &#8230;<\/span><\/a><\/div><div class=\"fusion-clearfix\"><\/div><\/div><\/div><div class=\"fusion-layout-column fusion_builder_column fusion-builder-column-2 fusion_builder_column_1_3 1_3 fusion-one-third green-border no-side-borders\" style=\"margin-top:0px;margin-bottom:20px;\"><div class=\"fusion-column-wrapper fusion-flex-column-wrapper-legacy\" style=\"background-position:left top;background-repeat:no-repeat;-webkit-background-size:cover;-moz-background-size:cover;-o-background-size:cover;background-size:cover;background-color:#ffffff;border:1px solid #e2e2e2;padding: 40px 50px 60px 50px;\"><div class=\"fusion-text fusion-text-3\"><h3 style=\"text-align: center;\">Notre offre ?<\/h3>\n<\/div><div class=\"imageframe-align-center\"><span class=\" fusion-imageframe imageframe-none imageframe-2 hover-type-none\"><img width=\"208\" height=\"123\" title=\"verkopen_klein\" src=\"https:\/\/jnradvies.com\/nl\/wp-content\/uploads\/2015\/02\/verkopen_klein.png\" alt class=\"img-responsive wp-image-1062\" srcset=\"https:\/\/jnradvies.com\/nl\/wp-content\/uploads\/2015\/02\/verkopen_klein-200x118.png 200w, https:\/\/jnradvies.com\/nl\/wp-content\/uploads\/2015\/02\/verkopen_klein.png 208w\" sizes=\"(max-width: 800px) 100vw, 208px\" \/><\/span><\/div><div class=\"fusion-sep-clear\"><\/div><div class=\"fusion-separator fusion-full-width-sep\" style=\"margin-left: auto;margin-right: auto;margin-top:10px;width:100%;\"><\/div><div class=\"fusion-sep-clear\"><\/div><div class=\"fusion-text fusion-text-4\"><p style=\"text-align: left;\">Nous disposons en permanence dans nos r\u00e9serves de plusieurs SPRL d\u00e9j\u00e0 existantes,<\/p>\n<p style=\"text-align: left;\">sans dettes et poss\u00e9dant un capital lib\u00e9r\u00e9 ..<\/p>\n<\/div><div class=\"fusion-sep-clear\"><\/div><div class=\"fusion-separator fusion-full-width-sep\" style=\"margin-left: auto;margin-right: auto;margin-top:10px;width:100%;\"><\/div><div class=\"fusion-sep-clear\"><\/div><div class=\"fusion-aligncenter\"><style>.fusion-body .fusion-button.button-2{border-radius:4px 4px 4px 4px;}<\/style><a class=\"fusion-button button-flat fusion-button-default-size button-default button-2 fusion-button-default-span fusion-button-default-type\" target=\"_self\" href=\"https:\/\/jnradvies.com\/nl\/kopen\/\"><span class=\"fusion-button-text\">en savoir plus &#8230;<\/span><\/a><\/div><div class=\"fusion-clearfix\"><\/div><\/div><\/div><div class=\"fusion-layout-column fusion_builder_column fusion-builder-column-3 fusion_builder_column_1_3 1_3 fusion-one-third fusion-column-last green-border\" style=\"margin-top:0px;margin-bottom:20px;\"><div class=\"fusion-column-wrapper fusion-flex-column-wrapper-legacy\" style=\"background-position:left top;background-repeat:no-repeat;-webkit-background-size:cover;-moz-background-size:cover;-o-background-size:cover;background-size:cover;background-color:#ffffff;border:1px solid #e2e2e2;padding: 40px 50px 60px 50px;\"><div class=\"fusion-text fusion-text-5\"><h3 style=\"text-align: center;\">Vendre<\/h3>\n<\/div><div class=\"imageframe-align-center\"><span class=\" fusion-imageframe imageframe-none imageframe-3 hover-type-none\"><img width=\"208\" height=\"123\" title=\"kopen_klein\" src=\"https:\/\/jnradvies.com\/nl\/wp-content\/uploads\/2015\/02\/kopen_klein.png\" alt class=\"img-responsive wp-image-1063\" srcset=\"https:\/\/jnradvies.com\/nl\/wp-content\/uploads\/2015\/02\/kopen_klein-200x118.png 200w, https:\/\/jnradvies.com\/nl\/wp-content\/uploads\/2015\/02\/kopen_klein.png 208w\" sizes=\"(max-width: 800px) 100vw, 208px\" \/><\/span><\/div><div class=\"fusion-sep-clear\"><\/div><div class=\"fusion-separator fusion-full-width-sep\" style=\"margin-left: auto;margin-right: auto;margin-top:10px;width:100%;\"><\/div><div class=\"fusion-sep-clear\"><\/div><div class=\"fusion-text fusion-text-6\"><p style=\"text-align: center;\">Vous avez une SPRL<br \/>\nou une SA<\/p>\n<p style=\"text-align: center;\">\u00e0 vendre ?<\/p>\n<\/div><div class=\"fusion-sep-clear\"><\/div><div class=\"fusion-separator fusion-full-width-sep\" style=\"margin-left: auto;margin-right: auto;margin-top:10px;width:100%;\"><\/div><div class=\"fusion-sep-clear\"><\/div><div class=\"fusion-aligncenter\"><style>.fusion-body .fusion-button.button-3{border-radius:4px 4px 4px 4px;}<\/style><a class=\"fusion-button button-flat fusion-button-default-size button-default button-3 fusion-button-default-span fusion-button-default-type\" target=\"_self\" href=\"https:\/\/jnradvies.com\/nl\/verkopen\/\"><span class=\"fusion-button-text\">en savoir plus &#8230;<\/span><\/a><\/div><div class=\"fusion-clearfix\"><\/div><\/div><\/div><\/div><\/div>\n","protected":false},"excerpt":{"rendered":"","protected":false},"author":1,"featured_media":0,"parent":0,"menu_order":0,"comment_status":"open","ping_status":"closed","template":"100-width.php","meta":[],"lang":"fr","translations":{"fr":1461,"nl":1193},"pll_sync_post":[],"_links":{"self":[{"href":"https:\/\/jnradvies.com\/nl\/wp-json\/wp\/v2\/pages\/1461"}],"collection":[{"href":"https:\/\/jnradvies.com\/nl\/wp-json\/wp\/v2\/pages"}],"about":[{"href":"https:\/\/jnradvies.com\/nl\/wp-json\/wp\/v2\/types\/page"}],"author":[{"embeddable":true,"href":"https:\/\/jnradvies.com\/nl\/wp-json\/wp\/v2\/users\/1"}],"replies":[{"embeddable":true,"href":"https:\/\/jnradvies.com\/nl\/wp-json\/wp\/v2\/comments?post=1461"}],"version-history":[{"count":1,"href":"https:\/\/jnradvies.com\/nl\/wp-json\/wp\/v2\/pages\/1461\/revisions"}],"predecessor-version":[{"id":1462,"href":"https:\/\/jnradvies.com\/nl\/wp-json\/wp\/v2\/pages\/1461\/revisions\/1462"}],"wp:attachment":[{"href":"https:\/\/jnradvies.com\/nl\/wp-json\/wp\/v2\/media?parent=1461"}],"curies":[{"name":"wp","href":"https:\/\/api.w.org\/{rel}","templated":true}]}}