{"id":1226,"date":"2016-09-28T19:24:11","date_gmt":"2016-09-28T19:24:11","guid":{"rendered":"http:\/\/jnradvies.com\/nl\/?page_id=1226"},"modified":"2016-10-25T16:42:15","modified_gmt":"2016-10-25T16:42:15","slug":"conseil","status":"publish","type":"page","link":"https:\/\/jnradvies.com\/nl\/fr\/conseil\/","title":{"rendered":"CONSEIL"},"content":{"rendered":"<p><div class=\"fusion-fullwidth fullwidth-box fusion-builder-row-1 nonhundred-percent-fullwidth non-hundred-percent-height-scrolling\" style=\"background-color: rgba(255,255,255,0);background-position: left top;background-repeat: no-repeat;padding-top:20px;padding-right:0px;padding-bottom:20px;padding-left:0px;margin-bottom: 0px;margin-top: 0px;border-width: 0px 0px 0px 0px;border-color:#eae9e9;border-style:solid;\" ><div class=\"fusion-builder-row fusion-row\"><div class=\"fusion-layout-column fusion_builder_column fusion-builder-column-0 fusion_builder_column_1_1 1_1 fusion-one-full fusion-column-first fusion-column-last fusion-column-no-min-height\" style=\"margin-top:0px;margin-bottom:0px;\"><div class=\"fusion-column-wrapper fusion-flex-column-wrapper-legacy\" style=\"background-position:left top;background-repeat:no-repeat;-webkit-background-size:cover;-moz-background-size:cover;-o-background-size:cover;background-size:cover;padding: 0px 0px 0px 0px;\"><style type=\"text\/css\"><\/style><div class=\"fusion-title title fusion-title-1 fusion-title-text fusion-title-size-one\" style=\"margin-top:0px;margin-right:0px;margin-bottom:0px;margin-left:0px;\"><h1 class=\"title-heading-left\" style=\"margin:0;\">ACCEUIL<\/h1><span class=\"awb-title-spacer\"><\/span><div class=\"title-sep-container\"><div class=\"title-sep sep-single sep-solid\" style=\"border-color:#f5f5f5;\"><\/div><\/div><\/div><div class=\"fusion-sep-clear\"><\/div><div class=\"fusion-separator fusion-full-width-sep\" style=\"margin-left: auto;margin-right: auto;width:100%;\"><div class=\"fusion-separator-border sep-single sep-solid\" style=\"border-color:#f29301;border-top-width:5px;\"><\/div><\/div><div class=\"fusion-sep-clear\"><\/div><div class=\"fusion-clearfix\"><\/div><\/div><\/div><\/div><\/div><div class=\"fusion-fullwidth fullwidth-box fusion-builder-row-2 hundred-percent-fullwidth non-hundred-percent-height-scrolling\" style=\"background-color: rgba(255,255,255,0);background-position: center center;background-repeat: no-repeat;padding-top:0px;padding-right:0px;padding-bottom:0px;padding-left:0px;margin-bottom: 0px;margin-top: 0px;border-width: 0px 0px 0px 0px;border-color:#eae9e9;border-style:solid;\" ><div class=\"fusion-builder-row fusion-row\"><div class=\"fusion-layout-column fusion_builder_column fusion-builder-column-1 fusion_builder_column_1_1 1_1 fusion-one-full fusion-column-first fusion-column-last\" style=\"margin-top:0px;margin-bottom:20px;\"><div class=\"fusion-column-wrapper fusion-flex-column-wrapper-legacy\" style=\"background-position:left top;background-repeat:no-repeat;-webkit-background-size:cover;-moz-background-size:cover;-o-background-size:cover;background-size:cover;padding: 0px 0px 0px 0px;\"><div class=\"fusion-text fusion-text-1\"><ul>\n<li>Sp\u00e9cialisation en soci\u00e9t\u00e9s vide et sans dettes<\/li>\n<li>Entretien informatif gratuit<\/li>\n<li>Tarifs clair<\/li>\n<li>Guidance personnel<\/li>\n<li>Avis d\u2019haute qualit\u00e9<\/li>\n<li>Vous \u00e9conomisez en temps et en frais<\/li>\n<\/ul>\n<\/div><div class=\"fusion-clearfix\"><\/div><\/div><\/div><\/div><style type=\"text\/css\">.fusion-fullwidth.fusion-builder-row-2 { overflow:visible; }<\/style><\/div><div class=\"fusion-fullwidth fullwidth-box fusion-builder-row-3 nonhundred-percent-fullwidth non-hundred-percent-height-scrolling\" style=\"background-color: rgba(255,255,255,0);background-position: left top;background-repeat: no-repeat;padding-top:20px;padding-right:0px;padding-bottom:20px;padding-left:0px;margin-bottom: 0px;margin-top: 0px;border-width: 0px 0px 0px 0px;border-color:#eae9e9;border-style:solid;\" ><div class=\"fusion-builder-row fusion-row\"><div class=\"fusion-layout-column fusion_builder_column fusion-builder-column-2 fusion_builder_column_1_1 1_1 fusion-one-full fusion-column-first fusion-column-last fusion-column-no-min-height\" style=\"margin-top:0px;margin-bottom:0px;\"><div class=\"fusion-column-wrapper fusion-flex-column-wrapper-legacy\" style=\"background-position:left top;background-repeat:no-repeat;-webkit-background-size:cover;-moz-background-size:cover;-o-background-size:cover;background-size:cover;padding: 0px 0px 0px 0px;\"><style type=\"text\/css\"><\/style><div class=\"fusion-title title fusion-title-2 fusion-title-text fusion-title-size-one\" style=\"margin-top:0px;margin-right:0px;margin-bottom:0px;margin-left:0px;\"><h1 class=\"title-heading-left\" style=\"margin:0;\"><strong>Reprendre une entreprise existante avec garantie.<\/strong><\/h1><span class=\"awb-title-spacer\"><\/span><div class=\"title-sep-container\"><div class=\"title-sep sep-single sep-solid\" style=\"border-color:#f5f5f5;\"><\/div><\/div><\/div><div class=\"fusion-sep-clear\"><\/div><div class=\"fusion-separator fusion-full-width-sep\" style=\"margin-left: auto;margin-right: auto;width:100%;\"><div class=\"fusion-separator-border sep-single sep-solid\" style=\"border-color:#f29301;border-top-width:5px;\"><\/div><\/div><div class=\"fusion-sep-clear\"><\/div><div class=\"fusion-clearfix\"><\/div><\/div><\/div><\/div><\/div><div class=\"fusion-fullwidth fullwidth-box fusion-builder-row-4 hundred-percent-fullwidth non-hundred-percent-height-scrolling\" style=\"background-color: rgba(255,255,255,0);background-position: center center;background-repeat: no-repeat;padding-top:0px;padding-right:0px;padding-bottom:0px;padding-left:0px;margin-bottom: 0px;margin-top: 0px;border-width: 0px 0px 0px 0px;border-color:#eae9e9;border-style:solid;\" ><div class=\"fusion-builder-row fusion-row\"><div class=\"fusion-layout-column fusion_builder_column fusion-builder-column-3 fusion_builder_column_1_1 1_1 fusion-one-full fusion-column-first fusion-column-last\" style=\"margin-top:0px;margin-bottom:20px;\"><div class=\"fusion-column-wrapper fusion-flex-column-wrapper-legacy\" style=\"background-position:left top;background-repeat:no-repeat;-webkit-background-size:cover;-moz-background-size:cover;-o-background-size:cover;background-size:cover;padding: 0px 0px 0px 0px;\"><div class=\"fusion-text fusion-text-2\"><p>Si vous utilisez un tiers de confiance est entrer dans la mer est prise en charge d\u2019une soci\u00e9t\u00e9 s\u00fbre et enregistre une montagne de paperasserie. Nos sp\u00e9cialistes analysent et v\u00e9rifier plusieurs fichiers et seulement faire un choix des meilleures compagnies.<\/p>\n<ul>\n<li>Dettes propres<\/li>\n<li>Acquisition vide &amp; actualis\u00e9<\/li>\n<li>Bilan d\u2019acquisition<\/li>\n<li>Avec satisfait ou satisfait ou rembours\u00e9<\/li>\n<li>des certificats de responsabilit\u00e9 des fondateurs<\/li>\n<li>Num\u00e9ro de TVA<\/li>\n<li>Certificats d\u2019aucune dette : TVA, imp\u00f4ts et s\u00e9curit\u00e9 sociale<\/li>\n<\/ul>\n<h4><strong><em>Syst\u00e8me de garantie<\/em><\/strong><\/h4>\n<p>Avant que nous offrons pour les entreprises de vente subordonn\u00e9e \u00e0 un contr\u00f4le approfondi. Apr\u00e8s avoir fait votre choix, nous faisons une seconde v\u00e9rification avant que la compagnie est effectivement transf\u00e9r\u00e9e. Vous \u00eates malgr\u00e9 notre qualit\u00e9 et service ne sont pas remplies, alors nous allons vous donner la garantie que vous obtiendrez le dos de l\u2019argent ou une autre soci\u00e9t\u00e9 dans l\u2019endroit. Ici nous n\u2019avons pas. Cette garantie que nous donner noir et blanc parce que nous sommes fiers de nos services et de savoir la pr\u00e9cision, nous travaillons et vous voulez autour d\u2019ici.<\/p>\n<p><strong>Entreprises est contr\u00f4l\u00e9e par le biais de TVA, imp\u00f4ts, s\u00e9curit\u00e9 sociale et contr\u00f4l\u00e9es \u00e0 Graydon. Notre fiabilit\u00e9 est garantie.<\/strong><\/p>\n<p>Coquille vs dormant entreprise une soci\u00e9t\u00e9 \u00e9cran n\u2019est pas identique \u00e0 une soci\u00e9t\u00e9 dormante. Avec une soci\u00e9t\u00e9 \u00e9cran, on entend une entreprise qui a eu r\u00e9cemment encore activit\u00e9s et dans les fichiers de la TVA et les taxes ont \u00e9t\u00e9 notifi\u00e9e.<\/p>\n<p>Ces soci\u00e9t\u00e9s sont depuis peu de temps avec leur activit\u00e9 a cess\u00e9 et vid\u00e9 par le propri\u00e9taire pr\u00e9c\u00e9dent. Mise \u00e0 jour de la comptabilit\u00e9 et comptes annuels sont \u00e0 jour avec la Banque nationale publie ponctuellement. Nous parlons ici des entreprises solvables avec une bonne histoire.<\/p>\n<p>Une soci\u00e9t\u00e9 dormante est souvent une entreprise qui depuis n\u2019a eu aucune activit\u00e9 plus et depuis un certain temps est d\u00e9connect\u00e9e de la TVA et les taxes. Dans bon nombre de ces cas, les \u00c9tats financiers pas- ou pas en temps opportun a d\u00e9pos\u00e9, nous arbitre pas dans ces soci\u00e9t\u00e9s.<\/p>\n<p>Nous travaillons en aucune fa\u00e7on impliqu\u00e9s dans mauvaises pratiques telles que l\u2019\u00e9limination des entreprises avec des dettes ou des constructions aux cr\u00e9anciers ou pour se soustraire \u00e0 l\u2019obligation aux gouvernements. Notre intention est d\u2019arbitrer entre les honn\u00eates parties qu\u2019une soci\u00e9t\u00e9 juste qui veulent acheter ou vendre.<\/p>\n<\/div><div class=\"fusion-clearfix\"><\/div><\/div><\/div><\/div><style type=\"text\/css\">.fusion-fullwidth.fusion-builder-row-4 { overflow:visible; }<\/style><\/div><\/p>\n","protected":false},"excerpt":{"rendered":"","protected":false},"author":1,"featured_media":0,"parent":0,"menu_order":0,"comment_status":"closed","ping_status":"closed","template":"","meta":[],"lang":"fr","translations":{"fr":1226,"nl":1229},"pll_sync_post":[],"_links":{"self":[{"href":"https:\/\/jnradvies.com\/nl\/wp-json\/wp\/v2\/pages\/1226"}],"collection":[{"href":"https:\/\/jnradvies.com\/nl\/wp-json\/wp\/v2\/pages"}],"about":[{"href":"https:\/\/jnradvies.com\/nl\/wp-json\/wp\/v2\/types\/page"}],"author":[{"embeddable":true,"href":"https:\/\/jnradvies.com\/nl\/wp-json\/wp\/v2\/users\/1"}],"replies":[{"embeddable":true,"href":"https:\/\/jnradvies.com\/nl\/wp-json\/wp\/v2\/comments?post=1226"}],"version-history":[{"count":15,"href":"https:\/\/jnradvies.com\/nl\/wp-json\/wp\/v2\/pages\/1226\/revisions"}],"predecessor-version":[{"id":1411,"href":"https:\/\/jnradvies.com\/nl\/wp-json\/wp\/v2\/pages\/1226\/revisions\/1411"}],"wp:attachment":[{"href":"https:\/\/jnradvies.com\/nl\/wp-json\/wp\/v2\/media?parent=1226"}],"curies":[{"name":"wp","href":"https:\/\/api.w.org\/{rel}","templated":true}]}}